{"id":245,"date":"2022-02-20T00:27:10","date_gmt":"2022-02-20T00:27:10","guid":{"rendered":"https:\/\/wearetheartmakers.com\/records\/?page_id=245"},"modified":"2022-02-20T00:53:42","modified_gmt":"2022-02-20T00:53:42","slug":"fretless-e","status":"publish","type":"page","link":"https:\/\/wearetheartmakers.com\/records\/fretless-e\/","title":{"rendered":"Fretless E"},"content":{"rendered":"<p>Fretless gitar ve mi tone \u00fczerine grove bir altyap\u0131 \u00e7al\u0131\u015fmas\u0131.<\/p>\n<audio class=\"wp-audio-shortcode\" id=\"audio-245-1\" preload=\"none\" style=\"width: 100%;\" controls=\"controls\"><source type=\"audio\/mpeg\" src=\"https:\/\/wearetheartmakers.com\/records\/wp-content\/uploads\/2022\/02\/fretless-guitar.mp3?_=1\" \/><a href=\"https:\/\/wearetheartmakers.com\/records\/wp-content\/uploads\/2022\/02\/fretless-guitar.mp3\">https:\/\/wearetheartmakers.com\/records\/wp-content\/uploads\/2022\/02\/fretless-guitar.mp3<\/a><\/audio>\n<p>Gitar Kay\u0131t ve Kay\u0131t Odas\u0131 C<\/p>\n<p><img loading=\"lazy\" decoding=\"async\" class=\"alignnone size-medium wp-image-252\" src=\"https:\/\/wearetheartmakers.com\/records\/wp-content\/uploads\/2022\/02\/IMG_3869-300x225.jpg\" alt=\"\" width=\"300\" height=\"225\" srcset=\"https:\/\/wearetheartmakers.com\/records\/wp-content\/uploads\/2022\/02\/IMG_3869-300x225.jpg 300w, https:\/\/wearetheartmakers.com\/records\/wp-content\/uploads\/2022\/02\/IMG_3869-scaled-600x450.jpg 600w, https:\/\/wearetheartmakers.com\/records\/wp-content\/uploads\/2022\/02\/IMG_3869-1024x768.jpg 1024w, https:\/\/wearetheartmakers.com\/records\/wp-content\/uploads\/2022\/02\/IMG_3869-768x576.jpg 768w, https:\/\/wearetheartmakers.com\/records\/wp-content\/uploads\/2022\/02\/IMG_3869-1536x1152.jpg 1536w, https:\/\/wearetheartmakers.com\/records\/wp-content\/uploads\/2022\/02\/IMG_3869-2048x1536.jpg 2048w\" sizes=\"auto, (max-width: 300px) 100vw, 300px\" \/> <img loading=\"lazy\" decoding=\"async\" class=\"alignnone size-medium wp-image-253\" src=\"https:\/\/wearetheartmakers.com\/records\/wp-content\/uploads\/2022\/02\/IMG_3870-300x225.jpg\" alt=\"\" width=\"300\" height=\"225\" srcset=\"https:\/\/wearetheartmakers.com\/records\/wp-content\/uploads\/2022\/02\/IMG_3870-300x225.jpg 300w, https:\/\/wearetheartmakers.com\/records\/wp-content\/uploads\/2022\/02\/IMG_3870-scaled-600x450.jpg 600w, https:\/\/wearetheartmakers.com\/records\/wp-content\/uploads\/2022\/02\/IMG_3870-1024x768.jpg 1024w, https:\/\/wearetheartmakers.com\/records\/wp-content\/uploads\/2022\/02\/IMG_3870-768x576.jpg 768w, https:\/\/wearetheartmakers.com\/records\/wp-content\/uploads\/2022\/02\/IMG_3870-1536x1152.jpg 1536w, https:\/\/wearetheartmakers.com\/records\/wp-content\/uploads\/2022\/02\/IMG_3870-2048x1536.jpg 2048w\" sizes=\"auto, (max-width: 300px) 100vw, 300px\" \/><br \/>\n<img loading=\"lazy\" decoding=\"async\" class=\"alignnone size-medium wp-image-253\" src=\"https:\/\/wearetheartmakers.com\/records\/wp-content\/uploads\/2022\/02\/IMG_3872-scaled.jpg\" alt=\"\" width=\"300\" height=\"225\" \/> <img loading=\"lazy\" decoding=\"async\" class=\"alignnone size-medium wp-image-251\" src=\"https:\/\/wearetheartmakers.com\/records\/wp-content\/uploads\/2022\/02\/IMG_3867-300x225.jpg\" alt=\"\" width=\"300\" height=\"225\" srcset=\"https:\/\/wearetheartmakers.com\/records\/wp-content\/uploads\/2022\/02\/IMG_3867-300x225.jpg 300w, https:\/\/wearetheartmakers.com\/records\/wp-content\/uploads\/2022\/02\/IMG_3867-scaled-600x450.jpg 600w, https:\/\/wearetheartmakers.com\/records\/wp-content\/uploads\/2022\/02\/IMG_3867-1024x768.jpg 1024w, https:\/\/wearetheartmakers.com\/records\/wp-content\/uploads\/2022\/02\/IMG_3867-768x576.jpg 768w, https:\/\/wearetheartmakers.com\/records\/wp-content\/uploads\/2022\/02\/IMG_3867-1536x1152.jpg 1536w, https:\/\/wearetheartmakers.com\/records\/wp-content\/uploads\/2022\/02\/IMG_3867-2048x1536.jpg 2048w\" sizes=\"auto, (max-width: 300px) 100vw, 300px\" \/><\/p>\n<p>&nbsp;<\/p>\n<p>&nbsp;<\/p>\n<p>&nbsp;<\/p>\n","protected":false},"excerpt":{"rendered":"<p>Fretless gitar ve mi tone \u00fczerine grove bir altyap\u0131 \u00e7al\u0131\u015fmas\u0131. Gitar Kay\u0131t ve Kay\u0131t Odas\u0131 C &nbsp; &nbsp; &nbsp;<\/p>\n","protected":false},"author":1,"featured_media":0,"parent":0,"menu_order":0,"comment_status":"closed","ping_status":"closed","template":"","meta":{"footnotes":""},"class_list":["post-245","page","type-page","status-publish","hentry"],"_links":{"self":[{"href":"https:\/\/wearetheartmakers.com\/records\/wp-json\/wp\/v2\/pages\/245","targetHints":{"allow":["GET"]}}],"collection":[{"href":"https:\/\/wearetheartmakers.com\/records\/wp-json\/wp\/v2\/pages"}],"about":[{"href":"https:\/\/wearetheartmakers.com\/records\/wp-json\/wp\/v2\/types\/page"}],"author":[{"embeddable":true,"href":"https:\/\/wearetheartmakers.com\/records\/wp-json\/wp\/v2\/users\/1"}],"replies":[{"embeddable":true,"href":"https:\/\/wearetheartmakers.com\/records\/wp-json\/wp\/v2\/comments?post=245"}],"version-history":[{"count":4,"href":"https:\/\/wearetheartmakers.com\/records\/wp-json\/wp\/v2\/pages\/245\/revisions"}],"predecessor-version":[{"id":256,"href":"https:\/\/wearetheartmakers.com\/records\/wp-json\/wp\/v2\/pages\/245\/revisions\/256"}],"wp:attachment":[{"href":"https:\/\/wearetheartmakers.com\/records\/wp-json\/wp\/v2\/media?parent=245"}],"curies":[{"name":"wp","href":"https:\/\/api.w.org\/{rel}","templated":true}]}}