{"id":220,"date":"2022-02-16T18:28:30","date_gmt":"2022-02-16T18:28:30","guid":{"rendered":"https:\/\/wearetheartmakers.com\/records\/?page_id=220"},"modified":"2022-02-16T18:28:30","modified_gmt":"2022-02-16T18:28:30","slug":"rough-times","status":"publish","type":"page","link":"https:\/\/wearetheartmakers.com\/records\/rough-times\/","title":{"rendered":"Rough Times"},"content":{"rendered":"<h4>Rough Times<\/h4>\n<h4><img loading=\"lazy\" decoding=\"async\" class=\"alignnone size-medium wp-image-214\" src=\"https:\/\/wearetheartmakers.com\/records\/wp-content\/uploads\/2022\/02\/artworks-bg-300x300.jpg\" alt=\"\" width=\"300\" height=\"300\" srcset=\"https:\/\/wearetheartmakers.com\/records\/wp-content\/uploads\/2022\/02\/artworks-bg-300x300.jpg 300w, https:\/\/wearetheartmakers.com\/records\/wp-content\/uploads\/2022\/02\/artworks-bg-100x100.jpg 100w, https:\/\/wearetheartmakers.com\/records\/wp-content\/uploads\/2022\/02\/artworks-bg-150x150.jpg 150w, https:\/\/wearetheartmakers.com\/records\/wp-content\/uploads\/2022\/02\/artworks-bg.jpg 500w\" sizes=\"auto, (max-width: 300px) 100vw, 300px\" \/><\/h4>\n<p>modRecords&#8217;a destek olmak i\u00e7in bu \u00e7al\u0131\u015fmay\u0131 sat\u0131n <a href=\"https:\/\/opensea.io\/assets\/matic\/0x2953399124f0cbb46d2cbacd8a89cf0599974963\/55483276723088560602510471408340845914852682888404181936746158441211623375848\">alabilirsiniz<\/a>.<\/p>\n","protected":false},"excerpt":{"rendered":"<p>Rough Times modRecords&#8217;a destek olmak i\u00e7in bu \u00e7al\u0131\u015fmay\u0131 sat\u0131n alabilirsiniz.<\/p>\n","protected":false},"author":1,"featured_media":0,"parent":0,"menu_order":0,"comment_status":"closed","ping_status":"closed","template":"","meta":{"footnotes":""},"class_list":["post-220","page","type-page","status-publish","hentry"],"_links":{"self":[{"href":"https:\/\/wearetheartmakers.com\/records\/wp-json\/wp\/v2\/pages\/220","targetHints":{"allow":["GET"]}}],"collection":[{"href":"https:\/\/wearetheartmakers.com\/records\/wp-json\/wp\/v2\/pages"}],"about":[{"href":"https:\/\/wearetheartmakers.com\/records\/wp-json\/wp\/v2\/types\/page"}],"author":[{"embeddable":true,"href":"https:\/\/wearetheartmakers.com\/records\/wp-json\/wp\/v2\/users\/1"}],"replies":[{"embeddable":true,"href":"https:\/\/wearetheartmakers.com\/records\/wp-json\/wp\/v2\/comments?post=220"}],"version-history":[{"count":1,"href":"https:\/\/wearetheartmakers.com\/records\/wp-json\/wp\/v2\/pages\/220\/revisions"}],"predecessor-version":[{"id":221,"href":"https:\/\/wearetheartmakers.com\/records\/wp-json\/wp\/v2\/pages\/220\/revisions\/221"}],"wp:attachment":[{"href":"https:\/\/wearetheartmakers.com\/records\/wp-json\/wp\/v2\/media?parent=220"}],"curies":[{"name":"wp","href":"https:\/\/api.w.org\/{rel}","templated":true}]}}