{"id":179,"date":"2022-02-12T18:48:00","date_gmt":"2022-02-12T18:48:00","guid":{"rendered":"https:\/\/wearetheartmakers.com\/records\/?page_id=179"},"modified":"2022-02-15T20:47:23","modified_gmt":"2022-02-15T20:47:23","slug":"purple-haze-jimi-hendrix-cover","status":"publish","type":"page","link":"https:\/\/wearetheartmakers.com\/records\/purple-haze-jimi-hendrix-cover\/","title":{"rendered":"Purple Haze &#8211; Jimi Hendrix (Cover)"},"content":{"rendered":"\r\n<p><img loading=\"lazy\" decoding=\"async\" class=\"size-medium wp-image-183 aligncenter\" src=\"https:\/\/wearetheartmakers.com\/records\/wp-content\/uploads\/2022\/02\/purple-haze-300x300.jpg\" alt=\"\" width=\"300\" height=\"300\" srcset=\"https:\/\/wearetheartmakers.com\/records\/wp-content\/uploads\/2022\/02\/purple-haze-300x300.jpg 300w, https:\/\/wearetheartmakers.com\/records\/wp-content\/uploads\/2022\/02\/purple-haze-100x100.jpg 100w, https:\/\/wearetheartmakers.com\/records\/wp-content\/uploads\/2022\/02\/purple-haze-600x600.jpg 600w, https:\/\/wearetheartmakers.com\/records\/wp-content\/uploads\/2022\/02\/purple-haze-1024x1024.jpg 1024w, https:\/\/wearetheartmakers.com\/records\/wp-content\/uploads\/2022\/02\/purple-haze-150x150.jpg 150w, https:\/\/wearetheartmakers.com\/records\/wp-content\/uploads\/2022\/02\/purple-haze-768x768.jpg 768w, https:\/\/wearetheartmakers.com\/records\/wp-content\/uploads\/2022\/02\/purple-haze-1536x1536.jpg 1536w, https:\/\/wearetheartmakers.com\/records\/wp-content\/uploads\/2022\/02\/purple-haze-2048x2048.jpg 2048w\" sizes=\"auto, (max-width: 300px) 100vw, 300px\" \/><\/p>\r\n\r\n\r\n\r\n\r\n\r\n<p style=\"text-align: center;\">Jimi Hendrix &#8216;in Purple Haze vokali \u00fczerine davul ve synth d\u00fczenlemeleriyle groove bir Purple Haze yorumu.\u00a0<\/p>\r\n\r\n\r\n\r\n\r\n\r\n\r\n\r\n<audio class=\"wp-audio-shortcode\" id=\"audio-179-1\" preload=\"none\" style=\"width: 100%;\" controls=\"controls\"><source type=\"audio\/mpeg\" src=\"https:\/\/wearetheartmakers.com\/records\/wp-content\/uploads\/2022\/02\/purple-haze_cover.mp3?_=1\" \/><a href=\"https:\/\/wearetheartmakers.com\/records\/wp-content\/uploads\/2022\/02\/purple-haze_cover.mp3\">https:\/\/wearetheartmakers.com\/records\/wp-content\/uploads\/2022\/02\/purple-haze_cover.mp3<\/a><\/audio>\r\n\r\n\r\n\r\n<p style=\"text-align: center;\">Bu \u00e7al\u0131\u015fmay\u0131 <a href=\"https:\/\/opensea.io\/assets\/matic\/0x2953399124f0cbb46d2cbacd8a89cf0599974963\/55483276723088560602510471408340845914852682888404181936746158442311135003624\">BURDAN<\/a> sat\u0131n al\u0131p modRecords&#8217;a destek olabilirsiniz.\u00a0<\/p>\r\n<p>&nbsp;<\/p>\r\n<!-- \/wp:post-content --><!-- \/wp:pagelayer\/pl_row -->","protected":false},"excerpt":{"rendered":"","protected":false},"author":1,"featured_media":0,"parent":0,"menu_order":0,"comment_status":"closed","ping_status":"closed","template":"","meta":{"footnotes":""},"class_list":["post-179","page","type-page","status-publish","hentry"],"_links":{"self":[{"href":"https:\/\/wearetheartmakers.com\/records\/wp-json\/wp\/v2\/pages\/179","targetHints":{"allow":["GET"]}}],"collection":[{"href":"https:\/\/wearetheartmakers.com\/records\/wp-json\/wp\/v2\/pages"}],"about":[{"href":"https:\/\/wearetheartmakers.com\/records\/wp-json\/wp\/v2\/types\/page"}],"author":[{"embeddable":true,"href":"https:\/\/wearetheartmakers.com\/records\/wp-json\/wp\/v2\/users\/1"}],"replies":[{"embeddable":true,"href":"https:\/\/wearetheartmakers.com\/records\/wp-json\/wp\/v2\/comments?post=179"}],"version-history":[{"count":8,"href":"https:\/\/wearetheartmakers.com\/records\/wp-json\/wp\/v2\/pages\/179\/revisions"}],"predecessor-version":[{"id":219,"href":"https:\/\/wearetheartmakers.com\/records\/wp-json\/wp\/v2\/pages\/179\/revisions\/219"}],"wp:attachment":[{"href":"https:\/\/wearetheartmakers.com\/records\/wp-json\/wp\/v2\/media?parent=179"}],"curies":[{"name":"wp","href":"https:\/\/api.w.org\/{rel}","templated":true}]}}